{"id":102,"date":"2023-01-18T08:29:09","date_gmt":"2023-01-18T08:29:09","guid":{"rendered":"https:\/\/www.villa-behrens.at\/?page_id=102"},"modified":"2024-12-23T11:10:14","modified_gmt":"2024-12-23T11:10:14","slug":"apartment-ferdinand-de","status":"publish","type":"page","link":"https:\/\/www.villa-behrens.at\/index.php\/apartment-ferdinand-de\/","title":{"rendered":"Appartement Ferdinand"},"content":{"rendered":"\t\t<div data-elementor-type=\"wp-page\" data-elementor-id=\"102\" class=\"elementor elementor-102\" data-elementor-post-type=\"page\">\n\t\t\t\t\t\t<section class=\"elementor-section elementor-top-section elementor-element elementor-element-7d068b5 elementor-section-boxed elementor-section-height-default elementor-section-height-default\" data-id=\"7d068b5\" data-element_type=\"section\" data-e-type=\"section\">\n\t\t\t\t\t\t<div class=\"elementor-container elementor-column-gap-default\">\n\t\t\t\t\t<div class=\"elementor-column elementor-col-100 elementor-top-column elementor-element elementor-element-315e680\" data-id=\"315e680\" data-element_type=\"column\" data-e-type=\"column\">\n\t\t\t<div class=\"elementor-widget-wrap elementor-element-populated\">\n\t\t\t\t\t\t<div class=\"elementor-element elementor-element-8ae2977 elementor-widget-divider--view-line_text elementor-widget-divider--element-align-center elementor-widget elementor-widget-divider\" data-id=\"8ae2977\" data-element_type=\"widget\" data-e-type=\"widget\" data-widget_type=\"divider.default\">\n\t\t\t\t<div class=\"elementor-widget-container\">\n\t\t\t\t\t\t\t<div class=\"elementor-divider\">\n\t\t\t<span class=\"elementor-divider-separator\">\n\t\t\t\t\t\t\t<h1 class=\"elementor-divider__text elementor-divider__element\">\n\t\t\t\tAppartement Ferdinand\t\t\t\t<\/h1>\n\t\t\t\t\t\t<\/span>\n\t\t<\/div>\n\t\t\t\t\t\t<\/div>\n\t\t\t\t<\/div>\n\t\t\t\t\t<\/div>\n\t\t<\/div>\n\t\t\t\t\t<\/div>\n\t\t<\/section>\n\t\t\t\t<section class=\"elementor-section elementor-top-section elementor-element elementor-element-b304298 elementor-section-boxed elementor-section-height-default elementor-section-height-default\" data-id=\"b304298\" data-element_type=\"section\" data-e-type=\"section\">\n\t\t\t\t\t\t<div class=\"elementor-container elementor-column-gap-default\">\n\t\t\t\t\t<div class=\"elementor-column elementor-col-50 elementor-top-column elementor-element elementor-element-0c8e4d8\" data-id=\"0c8e4d8\" data-element_type=\"column\" data-e-type=\"column\">\n\t\t\t<div class=\"elementor-widget-wrap elementor-element-populated\">\n\t\t\t\t\t\t<div class=\"elementor-element elementor-element-8468f97 elementor-widget elementor-widget-heading\" data-id=\"8468f97\" data-element_type=\"widget\" data-e-type=\"widget\" data-widget_type=\"heading.default\">\n\t\t\t\t<div class=\"elementor-widget-container\">\n\t\t\t\t\t<h2 class=\"elementor-heading-title elementor-size-default\">Ausstattung des Appartements Ferdinands<\/h2>\t\t\t\t<\/div>\n\t\t\t\t<\/div>\n\t\t\t\t<div class=\"elementor-element elementor-element-33e1450 elementor-widget elementor-widget-text-editor\" data-id=\"33e1450\" data-element_type=\"widget\" data-e-type=\"widget\" data-widget_type=\"text-editor.default\">\n\t\t\t\t<div class=\"elementor-widget-container\">\n\t\t\t\t\t\t\t\t\t<ul><li>Eine gro\u00dfz\u00fcgige Einheit mit einem Schlafzimmer f\u00fcr zwei (evtl. M\u00f6glichkeit f\u00fcr ein bis zwei Kinder-Zustell-\/Gitterbetten) und angrenzender<\/li><li>K\u00fcche mit Esstisch und<br \/>verbundenem Wohnbereich (mit Ausziehsofa f\u00fcr zwei)<\/li><li>Zwei separate Doppelzimmer<\/li><li>Drei B\u00e4der\/Duschen mit WC<\/li><li>Gro\u00dfe Terrasse, Balkon<\/li><\/ul>\t\t\t\t\t\t\t\t<\/div>\n\t\t\t\t<\/div>\n\t\t\t\t\t<\/div>\n\t\t<\/div>\n\t\t\t\t<div class=\"elementor-column elementor-col-50 elementor-top-column elementor-element elementor-element-b716f4a\" data-id=\"b716f4a\" data-element_type=\"column\" data-e-type=\"column\">\n\t\t\t<div class=\"elementor-widget-wrap elementor-element-populated\">\n\t\t\t\t\t\t<div class=\"elementor-element elementor-element-974edb3 elementor-widget elementor-widget-heading\" data-id=\"974edb3\" data-element_type=\"widget\" data-e-type=\"widget\" data-widget_type=\"heading.default\">\n\t\t\t\t<div class=\"elementor-widget-container\">\n\t\t\t\t\t<h2 class=\"elementor-heading-title elementor-size-default\">Die Vorz\u00fcge von Villa Behrens im \u00dcberblick<\/h2>\t\t\t\t<\/div>\n\t\t\t\t<\/div>\n\t\t\t\t<div class=\"elementor-element elementor-element-7138b6b elementor-widget elementor-widget-text-editor\" data-id=\"7138b6b\" data-element_type=\"widget\" data-e-type=\"widget\" data-widget_type=\"text-editor.default\">\n\t\t\t\t<div class=\"elementor-widget-container\">\n\t\t\t\t\t\t\t\t\t<ul><li>Gro\u00dfe Appartements mit je 120 qm<\/li><li>Direkt an der Kaiser-Wilhelm-Promenade<\/li><li>Ruhig, trotz zentraler Lage<\/li><\/ul>\t\t\t\t\t\t\t\t<\/div>\n\t\t\t\t<\/div>\n\t\t\t\t\t<\/div>\n\t\t<\/div>\n\t\t\t\t\t<\/div>\n\t\t<\/section>\n\t\t\t\t<section class=\"elementor-section elementor-top-section elementor-element elementor-element-3701c9b8 elementor-section-boxed elementor-section-height-default elementor-section-height-default\" data-id=\"3701c9b8\" data-element_type=\"section\" data-e-type=\"section\">\n\t\t\t\t\t\t<div class=\"elementor-container elementor-column-gap-default\">\n\t\t\t\t\t<div class=\"elementor-column elementor-col-100 elementor-top-column elementor-element elementor-element-569e4658\" data-id=\"569e4658\" data-element_type=\"column\" data-e-type=\"column\">\n\t\t\t<div class=\"elementor-widget-wrap elementor-element-populated\">\n\t\t\t\t\t\t<div class=\"elementor-element elementor-element-02bc4f7 elementor-widget elementor-widget-heading\" data-id=\"02bc4f7\" data-element_type=\"widget\" data-e-type=\"widget\" data-widget_type=\"heading.default\">\n\t\t\t\t<div class=\"elementor-widget-container\">\n\t\t\t\t\t<div class=\"elementor-heading-title elementor-size-default\">Galerie<\/div>\t\t\t\t<\/div>\n\t\t\t\t<\/div>\n\t\t\t\t<div class=\"elementor-element elementor-element-6288ddd7 elementor-widget elementor-widget-gallery\" data-id=\"6288ddd7\" data-element_type=\"widget\" data-e-type=\"widget\" data-settings=\"{&quot;gap&quot;:{&quot;unit&quot;:&quot;px&quot;,&quot;size&quot;:34,&quot;sizes&quot;:[]},&quot;aspect_ratio&quot;:&quot;4:3&quot;,&quot;lazyload&quot;:&quot;yes&quot;,&quot;gallery_layout&quot;:&quot;grid&quot;,&quot;columns&quot;:4,&quot;columns_tablet&quot;:2,&quot;columns_mobile&quot;:1,&quot;gap_tablet&quot;:{&quot;unit&quot;:&quot;px&quot;,&quot;size&quot;:10,&quot;sizes&quot;:[]},&quot;gap_mobile&quot;:{&quot;unit&quot;:&quot;px&quot;,&quot;size&quot;:10,&quot;sizes&quot;:[]},&quot;link_to&quot;:&quot;file&quot;,&quot;overlay_background&quot;:&quot;yes&quot;,&quot;content_hover_animation&quot;:&quot;fade-in&quot;}\" data-widget_type=\"gallery.default\">\n\t\t\t\t<div class=\"elementor-widget-container\">\n\t\t\t\t\t\t\t<div class=\"elementor-gallery__container\">\n\t\t\t\t\t\t\t<a class=\"e-gallery-item elementor-gallery-item elementor-animated-content\" href=\"https:\/\/www.villa-behrens.at\/wp-content\/uploads\/2023\/01\/Ferdinand_01_klein-1.jpg\" data-elementor-open-lightbox=\"yes\" data-elementor-lightbox-slideshow=\"6288ddd7\" data-elementor-lightbox-title=\"Ferdinand_01_klein\" data-e-action-hash=\"#elementor-action%3Aaction%3Dlightbox%26settings%3DeyJpZCI6MTA4LCJ1cmwiOiJodHRwczpcL1wvd3d3LnZpbGxhLWJlaHJlbnMuYXRcL3dwLWNvbnRlbnRcL3VwbG9hZHNcLzIwMjNcLzAxXC9GZXJkaW5hbmRfMDFfa2xlaW4tMS5qcGciLCJzbGlkZXNob3ciOiI2Mjg4ZGRkNyJ9\">\n\t\t\t\t\t<div class=\"e-gallery-image elementor-gallery-item__image\" data-thumbnail=\"https:\/\/www.villa-behrens.at\/wp-content\/uploads\/2023\/01\/Ferdinand_01_klein-1-300x199.jpg\" data-width=\"300\" data-height=\"199\" aria-label=\"\" role=\"img\" ><\/div>\n\t\t\t\t\t\t\t\t\t\t\t<div class=\"elementor-gallery-item__overlay\"><\/div>\n\t\t\t\t\t\t\t\t\t\t\t\t\t\t<\/a>\n\t\t\t\t\t\t\t<a class=\"e-gallery-item elementor-gallery-item elementor-animated-content\" href=\"https:\/\/www.villa-behrens.at\/wp-content\/uploads\/2023\/01\/Ferdinand_12_klein.jpg\" data-elementor-open-lightbox=\"yes\" data-elementor-lightbox-slideshow=\"6288ddd7\" data-elementor-lightbox-title=\"Ferdinand_12_klein\" data-e-action-hash=\"#elementor-action%3Aaction%3Dlightbox%26settings%3DeyJpZCI6MTA5LCJ1cmwiOiJodHRwczpcL1wvd3d3LnZpbGxhLWJlaHJlbnMuYXRcL3dwLWNvbnRlbnRcL3VwbG9hZHNcLzIwMjNcLzAxXC9GZXJkaW5hbmRfMTJfa2xlaW4uanBnIiwic2xpZGVzaG93IjoiNjI4OGRkZDcifQ%3D%3D\">\n\t\t\t\t\t<div class=\"e-gallery-image elementor-gallery-item__image\" data-thumbnail=\"https:\/\/www.villa-behrens.at\/wp-content\/uploads\/2023\/01\/Ferdinand_12_klein-300x199.jpg\" data-width=\"300\" data-height=\"199\" aria-label=\"\" role=\"img\" ><\/div>\n\t\t\t\t\t\t\t\t\t\t\t<div class=\"elementor-gallery-item__overlay\"><\/div>\n\t\t\t\t\t\t\t\t\t\t\t\t\t\t<\/a>\n\t\t\t\t\t\t\t<a class=\"e-gallery-item elementor-gallery-item elementor-animated-content\" href=\"https:\/\/www.villa-behrens.at\/wp-content\/uploads\/2023\/01\/Ferdinand_13_klein.jpg\" data-elementor-open-lightbox=\"yes\" data-elementor-lightbox-slideshow=\"6288ddd7\" data-elementor-lightbox-title=\"Ferdinand_13_klein\" data-e-action-hash=\"#elementor-action%3Aaction%3Dlightbox%26settings%3DeyJpZCI6MTEwLCJ1cmwiOiJodHRwczpcL1wvd3d3LnZpbGxhLWJlaHJlbnMuYXRcL3dwLWNvbnRlbnRcL3VwbG9hZHNcLzIwMjNcLzAxXC9GZXJkaW5hbmRfMTNfa2xlaW4uanBnIiwic2xpZGVzaG93IjoiNjI4OGRkZDcifQ%3D%3D\">\n\t\t\t\t\t<div class=\"e-gallery-image elementor-gallery-item__image\" data-thumbnail=\"https:\/\/www.villa-behrens.at\/wp-content\/uploads\/2023\/01\/Ferdinand_13_klein-300x201.jpg\" data-width=\"300\" data-height=\"201\" aria-label=\"\" role=\"img\" ><\/div>\n\t\t\t\t\t\t\t\t\t\t\t<div class=\"elementor-gallery-item__overlay\"><\/div>\n\t\t\t\t\t\t\t\t\t\t\t\t\t\t<\/a>\n\t\t\t\t\t\t\t<a class=\"e-gallery-item elementor-gallery-item elementor-animated-content\" href=\"https:\/\/www.villa-behrens.at\/wp-content\/uploads\/2023\/01\/Ferdinand_19_klein.jpg\" data-elementor-open-lightbox=\"yes\" data-elementor-lightbox-slideshow=\"6288ddd7\" data-elementor-lightbox-title=\"Ferdinand_19_klein\" data-e-action-hash=\"#elementor-action%3Aaction%3Dlightbox%26settings%3DeyJpZCI6MTExLCJ1cmwiOiJodHRwczpcL1wvd3d3LnZpbGxhLWJlaHJlbnMuYXRcL3dwLWNvbnRlbnRcL3VwbG9hZHNcLzIwMjNcLzAxXC9GZXJkaW5hbmRfMTlfa2xlaW4uanBnIiwic2xpZGVzaG93IjoiNjI4OGRkZDcifQ%3D%3D\">\n\t\t\t\t\t<div class=\"e-gallery-image elementor-gallery-item__image\" data-thumbnail=\"https:\/\/www.villa-behrens.at\/wp-content\/uploads\/2023\/01\/Ferdinand_19_klein-199x300.jpg\" data-width=\"199\" data-height=\"300\" aria-label=\"\" role=\"img\" ><\/div>\n\t\t\t\t\t\t\t\t\t\t\t<div class=\"elementor-gallery-item__overlay\"><\/div>\n\t\t\t\t\t\t\t\t\t\t\t\t\t\t<\/a>\n\t\t\t\t\t\t\t<a class=\"e-gallery-item elementor-gallery-item elementor-animated-content\" href=\"https:\/\/www.villa-behrens.at\/wp-content\/uploads\/2023\/01\/Ferdinand_05_klein.jpg\" data-elementor-open-lightbox=\"yes\" data-elementor-lightbox-slideshow=\"6288ddd7\" data-elementor-lightbox-title=\"Ferdinand_05_klein\" data-e-action-hash=\"#elementor-action%3Aaction%3Dlightbox%26settings%3DeyJpZCI6MTE5LCJ1cmwiOiJodHRwczpcL1wvd3d3LnZpbGxhLWJlaHJlbnMuYXRcL3dwLWNvbnRlbnRcL3VwbG9hZHNcLzIwMjNcLzAxXC9GZXJkaW5hbmRfMDVfa2xlaW4uanBnIiwic2xpZGVzaG93IjoiNjI4OGRkZDcifQ%3D%3D\">\n\t\t\t\t\t<div class=\"e-gallery-image elementor-gallery-item__image\" data-thumbnail=\"https:\/\/www.villa-behrens.at\/wp-content\/uploads\/2023\/01\/Ferdinand_05_klein-300x199.jpg\" data-width=\"300\" data-height=\"199\" aria-label=\"\" role=\"img\" ><\/div>\n\t\t\t\t\t\t\t\t\t\t\t<div class=\"elementor-gallery-item__overlay\"><\/div>\n\t\t\t\t\t\t\t\t\t\t\t\t\t\t<\/a>\n\t\t\t\t\t\t\t<a class=\"e-gallery-item elementor-gallery-item elementor-animated-content\" href=\"https:\/\/www.villa-behrens.at\/wp-content\/uploads\/2023\/01\/Ferdinand_10_klein.jpg\" data-elementor-open-lightbox=\"yes\" data-elementor-lightbox-slideshow=\"6288ddd7\" data-elementor-lightbox-title=\"Ferdinand_10_klein\" data-e-action-hash=\"#elementor-action%3Aaction%3Dlightbox%26settings%3DeyJpZCI6MTEyLCJ1cmwiOiJodHRwczpcL1wvd3d3LnZpbGxhLWJlaHJlbnMuYXRcL3dwLWNvbnRlbnRcL3VwbG9hZHNcLzIwMjNcLzAxXC9GZXJkaW5hbmRfMTBfa2xlaW4uanBnIiwic2xpZGVzaG93IjoiNjI4OGRkZDcifQ%3D%3D\">\n\t\t\t\t\t<div class=\"e-gallery-image elementor-gallery-item__image\" data-thumbnail=\"https:\/\/www.villa-behrens.at\/wp-content\/uploads\/2023\/01\/Ferdinand_10_klein-300x200.jpg\" data-width=\"300\" data-height=\"200\" aria-label=\"\" role=\"img\" ><\/div>\n\t\t\t\t\t\t\t\t\t\t\t<div class=\"elementor-gallery-item__overlay\"><\/div>\n\t\t\t\t\t\t\t\t\t\t\t\t\t\t<\/a>\n\t\t\t\t\t\t\t<a class=\"e-gallery-item elementor-gallery-item elementor-animated-content\" href=\"https:\/\/www.villa-behrens.at\/wp-content\/uploads\/2023\/01\/Ferdinand_16_klein.jpg\" data-elementor-open-lightbox=\"yes\" data-elementor-lightbox-slideshow=\"6288ddd7\" data-elementor-lightbox-title=\"Ferdinand_16_klein\" data-e-action-hash=\"#elementor-action%3Aaction%3Dlightbox%26settings%3DeyJpZCI6MTEzLCJ1cmwiOiJodHRwczpcL1wvd3d3LnZpbGxhLWJlaHJlbnMuYXRcL3dwLWNvbnRlbnRcL3VwbG9hZHNcLzIwMjNcLzAxXC9GZXJkaW5hbmRfMTZfa2xlaW4uanBnIiwic2xpZGVzaG93IjoiNjI4OGRkZDcifQ%3D%3D\">\n\t\t\t\t\t<div class=\"e-gallery-image elementor-gallery-item__image\" data-thumbnail=\"https:\/\/www.villa-behrens.at\/wp-content\/uploads\/2023\/01\/Ferdinand_16_klein-300x199.jpg\" data-width=\"300\" data-height=\"199\" aria-label=\"\" role=\"img\" ><\/div>\n\t\t\t\t\t\t\t\t\t\t\t<div class=\"elementor-gallery-item__overlay\"><\/div>\n\t\t\t\t\t\t\t\t\t\t\t\t\t\t<\/a>\n\t\t\t\t\t\t\t<a class=\"e-gallery-item elementor-gallery-item elementor-animated-content\" href=\"https:\/\/www.villa-behrens.at\/wp-content\/uploads\/2023\/01\/Ferdinand_07_klein.jpg\" data-elementor-open-lightbox=\"yes\" data-elementor-lightbox-slideshow=\"6288ddd7\" data-elementor-lightbox-title=\"Ferdinand_07_klein\" data-e-action-hash=\"#elementor-action%3Aaction%3Dlightbox%26settings%3DeyJpZCI6MTE0LCJ1cmwiOiJodHRwczpcL1wvd3d3LnZpbGxhLWJlaHJlbnMuYXRcL3dwLWNvbnRlbnRcL3VwbG9hZHNcLzIwMjNcLzAxXC9GZXJkaW5hbmRfMDdfa2xlaW4uanBnIiwic2xpZGVzaG93IjoiNjI4OGRkZDcifQ%3D%3D\">\n\t\t\t\t\t<div class=\"e-gallery-image elementor-gallery-item__image\" data-thumbnail=\"https:\/\/www.villa-behrens.at\/wp-content\/uploads\/2023\/01\/Ferdinand_07_klein-300x200.jpg\" data-width=\"300\" data-height=\"200\" aria-label=\"\" role=\"img\" ><\/div>\n\t\t\t\t\t\t\t\t\t\t\t<div class=\"elementor-gallery-item__overlay\"><\/div>\n\t\t\t\t\t\t\t\t\t\t\t\t\t\t<\/a>\n\t\t\t\t\t\t\t<a class=\"e-gallery-item elementor-gallery-item elementor-animated-content\" href=\"https:\/\/www.villa-behrens.at\/wp-content\/uploads\/2023\/01\/Ferdinand_08_klein.jpg\" data-elementor-open-lightbox=\"yes\" data-elementor-lightbox-slideshow=\"6288ddd7\" data-elementor-lightbox-title=\"Ferdinand_08_klein\" data-e-action-hash=\"#elementor-action%3Aaction%3Dlightbox%26settings%3DeyJpZCI6MTE1LCJ1cmwiOiJodHRwczpcL1wvd3d3LnZpbGxhLWJlaHJlbnMuYXRcL3dwLWNvbnRlbnRcL3VwbG9hZHNcLzIwMjNcLzAxXC9GZXJkaW5hbmRfMDhfa2xlaW4uanBnIiwic2xpZGVzaG93IjoiNjI4OGRkZDcifQ%3D%3D\">\n\t\t\t\t\t<div class=\"e-gallery-image elementor-gallery-item__image\" data-thumbnail=\"https:\/\/www.villa-behrens.at\/wp-content\/uploads\/2023\/01\/Ferdinand_08_klein-300x200.jpg\" data-width=\"300\" data-height=\"200\" aria-label=\"\" role=\"img\" ><\/div>\n\t\t\t\t\t\t\t\t\t\t\t<div class=\"elementor-gallery-item__overlay\"><\/div>\n\t\t\t\t\t\t\t\t\t\t\t\t\t\t<\/a>\n\t\t\t\t\t\t\t<a class=\"e-gallery-item elementor-gallery-item elementor-animated-content\" href=\"https:\/\/www.villa-behrens.at\/wp-content\/uploads\/2023\/01\/Aussen_11_klein-1.jpg\" data-elementor-open-lightbox=\"yes\" data-elementor-lightbox-slideshow=\"6288ddd7\" data-elementor-lightbox-title=\"Aussen_11_klein\" data-e-action-hash=\"#elementor-action%3Aaction%3Dlightbox%26settings%3DeyJpZCI6MTE2LCJ1cmwiOiJodHRwczpcL1wvd3d3LnZpbGxhLWJlaHJlbnMuYXRcL3dwLWNvbnRlbnRcL3VwbG9hZHNcLzIwMjNcLzAxXC9BdXNzZW5fMTFfa2xlaW4tMS5qcGciLCJzbGlkZXNob3ciOiI2Mjg4ZGRkNyJ9\">\n\t\t\t\t\t<div class=\"e-gallery-image elementor-gallery-item__image\" data-thumbnail=\"https:\/\/www.villa-behrens.at\/wp-content\/uploads\/2023\/01\/Aussen_11_klein-1-300x199.jpg\" data-width=\"300\" data-height=\"199\" aria-label=\"\" role=\"img\" ><\/div>\n\t\t\t\t\t\t\t\t\t\t\t<div class=\"elementor-gallery-item__overlay\"><\/div>\n\t\t\t\t\t\t\t\t\t\t\t\t\t\t<\/a>\n\t\t\t\t\t\t\t<a class=\"e-gallery-item elementor-gallery-item elementor-animated-content\" href=\"https:\/\/www.villa-behrens.at\/wp-content\/uploads\/2024\/10\/Aussen_04_klein.webp\" data-elementor-open-lightbox=\"yes\" data-elementor-lightbox-slideshow=\"6288ddd7\" data-elementor-lightbox-title=\"Aussen_04_klein\" data-e-action-hash=\"#elementor-action%3Aaction%3Dlightbox%26settings%3DeyJpZCI6MTUzMCwidXJsIjoiaHR0cHM6XC9cL3d3dy52aWxsYS1iZWhyZW5zLmF0XC93cC1jb250ZW50XC91cGxvYWRzXC8yMDI0XC8xMFwvQXVzc2VuXzA0X2tsZWluLndlYnAiLCJzbGlkZXNob3ciOiI2Mjg4ZGRkNyJ9\">\n\t\t\t\t\t<div class=\"e-gallery-image elementor-gallery-item__image\" data-thumbnail=\"https:\/\/www.villa-behrens.at\/wp-content\/uploads\/2024\/10\/Aussen_04_klein-300x169.webp\" data-width=\"300\" data-height=\"169\" aria-label=\"\" role=\"img\" ><\/div>\n\t\t\t\t\t\t\t\t\t\t\t<div class=\"elementor-gallery-item__overlay\"><\/div>\n\t\t\t\t\t\t\t\t\t\t\t\t\t\t<\/a>\n\t\t\t\t\t\t\t<a class=\"e-gallery-item elementor-gallery-item elementor-animated-content\" href=\"https:\/\/www.villa-behrens.at\/wp-content\/uploads\/2023\/01\/Aussen_41_klein-1.jpg\" data-elementor-open-lightbox=\"yes\" data-elementor-lightbox-slideshow=\"6288ddd7\" data-elementor-lightbox-title=\"Aussen_41_klein\" data-e-action-hash=\"#elementor-action%3Aaction%3Dlightbox%26settings%3DeyJpZCI6MTE4LCJ1cmwiOiJodHRwczpcL1wvd3d3LnZpbGxhLWJlaHJlbnMuYXRcL3dwLWNvbnRlbnRcL3VwbG9hZHNcLzIwMjNcLzAxXC9BdXNzZW5fNDFfa2xlaW4tMS5qcGciLCJzbGlkZXNob3ciOiI2Mjg4ZGRkNyJ9\">\n\t\t\t\t\t<div class=\"e-gallery-image elementor-gallery-item__image\" data-thumbnail=\"https:\/\/www.villa-behrens.at\/wp-content\/uploads\/2023\/01\/Aussen_41_klein-1-199x300.jpg\" data-width=\"199\" data-height=\"300\" aria-label=\"\" role=\"img\" ><\/div>\n\t\t\t\t\t\t\t\t\t\t\t<div class=\"elementor-gallery-item__overlay\"><\/div>\n\t\t\t\t\t\t\t\t\t\t\t\t\t\t<\/a>\n\t\t\t\t\t<\/div>\n\t\t\t\t\t<\/div>\n\t\t\t\t<\/div>\n\t\t\t\t\t<\/div>\n\t\t<\/div>\n\t\t\t\t\t<\/div>\n\t\t<\/section>\n\t\t\t\t<\/div>\n\t\t","protected":false},"excerpt":{"rendered":"<p>Appartement Ferdinand Ausstattung des Appartements Ferdinands Eine gro\u00dfz\u00fcgige Einheit mit einem Schlafzimmer f\u00fcr zwei (evtl. M\u00f6glichkeit f\u00fcr ein bis zwei Kinder-Zustell-\/Gitterbetten) und angrenzender K\u00fcche mit Esstisch undverbundenem Wohnbereich (mit Ausziehsofa f\u00fcr zwei) Zwei separate Doppelzimmer Drei B\u00e4der\/Duschen mit WC Gro\u00dfe Terrasse, Balkon Die Vorz\u00fcge von Villa Behrens im \u00dcberblick Gro\u00dfe Appartements mit je 120 qm [&hellip;]<\/p>\n","protected":false},"author":1,"featured_media":0,"parent":0,"menu_order":0,"comment_status":"closed","ping_status":"closed","template":"","meta":{"footnotes":""},"class_list":["post-102","page","type-page","status-publish","hentry"],"_links":{"self":[{"href":"https:\/\/www.villa-behrens.at\/index.php\/wp-json\/wp\/v2\/pages\/102","targetHints":{"allow":["GET"]}}],"collection":[{"href":"https:\/\/www.villa-behrens.at\/index.php\/wp-json\/wp\/v2\/pages"}],"about":[{"href":"https:\/\/www.villa-behrens.at\/index.php\/wp-json\/wp\/v2\/types\/page"}],"author":[{"embeddable":true,"href":"https:\/\/www.villa-behrens.at\/index.php\/wp-json\/wp\/v2\/users\/1"}],"replies":[{"embeddable":true,"href":"https:\/\/www.villa-behrens.at\/index.php\/wp-json\/wp\/v2\/comments?post=102"}],"version-history":[{"count":45,"href":"https:\/\/www.villa-behrens.at\/index.php\/wp-json\/wp\/v2\/pages\/102\/revisions"}],"predecessor-version":[{"id":1537,"href":"https:\/\/www.villa-behrens.at\/index.php\/wp-json\/wp\/v2\/pages\/102\/revisions\/1537"}],"wp:attachment":[{"href":"https:\/\/www.villa-behrens.at\/index.php\/wp-json\/wp\/v2\/media?parent=102"}],"curies":[{"name":"wp","href":"https:\/\/api.w.org\/{rel}","templated":true}]}}